{"id":7658,"date":"2024-11-06T02:36:40","date_gmt":"2024-11-06T02:36:40","guid":{"rendered":"https:\/\/champlennoxdev.wpenginepowered.com\/champlain-students-association\/"},"modified":"2026-04-29T10:23:43","modified_gmt":"2026-04-29T15:23:43","slug":"association-des-etudiants-de-champlain","status":"publish","type":"page","link":"https:\/\/www.crc-lennox.qc.ca\/fr\/association-des-etudiants-de-champlain\/","title":{"rendered":"Association des \u00e9tudiants de Champlain"},"content":{"rendered":"","protected":false},"excerpt":{"rendered":"","protected":false},"author":15,"featured_media":0,"parent":0,"menu_order":0,"comment_status":"closed","ping_status":"closed","template":"page-templates\/page-master-template.php","meta":{"_acf_changed":false,"footnotes":""},"class_list":["post-7658","page","type-page","status-publish","hentry"],"acf":[],"yoast_head":"<!-- This site is optimized with the Yoast SEO plugin v26.4 - https:\/\/yoast.com\/wordpress\/plugins\/seo\/ -->\n<title>Association des \u00e9tudiants | Champlain Lennoxville<\/title>\n<meta name=\"description\" content=\"L\u2019Association des \u00e9tudiants de Champlain (CSA) repr\u00e9sente les \u00e9tudiants, g\u00e8re des services et activit\u00e9s, et d\u00e9fend leurs int\u00e9r\u00eats sociaux, acad\u00e9miques et environnementaux.\" \/>\n<meta name=\"robots\" content=\"index, follow, max-snippet:-1, max-image-preview:large, max-video-preview:-1\" \/>\n<link rel=\"canonical\" href=\"https:\/\/www.crc-lennox.qc.ca\/fr\/association-des-etudiants-de-champlain\/\" \/>\n<meta property=\"og:locale\" content=\"fr_FR\" \/>\n<meta property=\"og:type\" content=\"article\" \/>\n<meta property=\"og:title\" content=\"Association des \u00e9tudiants | Champlain Lennoxville\" \/>\n<meta property=\"og:description\" content=\"L\u2019Association des \u00e9tudiants de Champlain (CSA) repr\u00e9sente les \u00e9tudiants, g\u00e8re des services et activit\u00e9s, et d\u00e9fend leurs int\u00e9r\u00eats sociaux, acad\u00e9miques et environnementaux.\" \/>\n<meta property=\"og:url\" content=\"https:\/\/www.crc-lennox.qc.ca\/fr\/association-des-etudiants-de-champlain\/\" \/>\n<meta property=\"og:site_name\" content=\"Champlain Lennoxville\" \/>\n<meta property=\"article:modified_time\" content=\"2026-04-29T15:23:43+00:00\" \/>\n<meta property=\"og:image\" content=\"https:\/\/www.crc-lennox.qc.ca\/wp-content\/uploads\/2024\/11\/CSA-Executives-Council-2024-25-1024x573-1.jpg\" \/>\n\t<meta property=\"og:image:width\" content=\"1024\" \/>\n\t<meta property=\"og:image:height\" content=\"573\" \/>\n\t<meta property=\"og:image:type\" content=\"image\/jpeg\" \/>\n<meta name=\"twitter:card\" content=\"summary_large_image\" \/>\n<meta name=\"twitter:title\" content=\"Association des \u00e9tudiants | Champlain Lennoxville\" \/>\n<meta name=\"twitter:description\" content=\"L\u2019Association des \u00e9tudiants de Champlain (CSA) repr\u00e9sente les \u00e9tudiants, g\u00e8re des services et activit\u00e9s, et d\u00e9fend leurs int\u00e9r\u00eats sociaux, acad\u00e9miques et environnementaux.\" \/>\n<meta name=\"twitter:image\" content=\"https:\/\/www.crc-lennox.qc.ca\/wp-content\/uploads\/2024\/11\/CSA-Executives-Council-2024-25-1024x573-1.jpg\" \/>\n<script type=\"application\/ld+json\" class=\"yoast-schema-graph\">{\"@context\":\"https:\/\/schema.org\",\"@graph\":[{\"@type\":\"WebPage\",\"@id\":\"https:\/\/www.crc-lennox.qc.ca\/fr\/association-des-etudiants-de-champlain\/\",\"url\":\"https:\/\/www.crc-lennox.qc.ca\/fr\/association-des-etudiants-de-champlain\/\",\"name\":\"Association des \u00e9tudiants | Champlain Lennoxville\",\"isPartOf\":{\"@id\":\"https:\/\/www.crc-lennox.qc.ca\/fr\/#website\"},\"datePublished\":\"2024-11-06T02:36:40+00:00\",\"dateModified\":\"2026-04-29T15:23:43+00:00\",\"description\":\"L\u2019Association des \u00e9tudiants de Champlain (CSA) repr\u00e9sente les \u00e9tudiants, g\u00e8re des services et activit\u00e9s, et d\u00e9fend leurs int\u00e9r\u00eats sociaux, acad\u00e9miques et environnementaux.\",\"breadcrumb\":{\"@id\":\"https:\/\/www.crc-lennox.qc.ca\/fr\/association-des-etudiants-de-champlain\/#breadcrumb\"},\"inLanguage\":\"fr-FR\",\"potentialAction\":[{\"@type\":\"ReadAction\",\"target\":[\"https:\/\/www.crc-lennox.qc.ca\/fr\/association-des-etudiants-de-champlain\/\"]}]},{\"@type\":\"BreadcrumbList\",\"@id\":\"https:\/\/www.crc-lennox.qc.ca\/fr\/association-des-etudiants-de-champlain\/#breadcrumb\",\"itemListElement\":[{\"@type\":\"ListItem\",\"position\":1,\"name\":\"Accueil\",\"item\":\"https:\/\/www.crc-lennox.qc.ca\/fr\/\"},{\"@type\":\"ListItem\",\"position\":2,\"name\":\"Association des \u00e9tudiants de Champlain\"}]},{\"@type\":\"WebSite\",\"@id\":\"https:\/\/www.crc-lennox.qc.ca\/fr\/#website\",\"url\":\"https:\/\/www.crc-lennox.qc.ca\/fr\/\",\"name\":\"Champlain Lennoxville\",\"description\":\"\",\"potentialAction\":[{\"@type\":\"SearchAction\",\"target\":{\"@type\":\"EntryPoint\",\"urlTemplate\":\"https:\/\/www.crc-lennox.qc.ca\/fr\/?s={search_term_string}\"},\"query-input\":{\"@type\":\"PropertyValueSpecification\",\"valueRequired\":true,\"valueName\":\"search_term_string\"}}],\"inLanguage\":\"fr-FR\"}]}<\/script>\n<!-- \/ Yoast SEO plugin. -->","yoast_head_json":{"title":"Association des \u00e9tudiants | Champlain Lennoxville","description":"L\u2019Association des \u00e9tudiants de Champlain (CSA) repr\u00e9sente les \u00e9tudiants, g\u00e8re des services et activit\u00e9s, et d\u00e9fend leurs int\u00e9r\u00eats sociaux, acad\u00e9miques et environnementaux.","robots":{"index":"index","follow":"follow","max-snippet":"max-snippet:-1","max-image-preview":"max-image-preview:large","max-video-preview":"max-video-preview:-1"},"canonical":"https:\/\/www.crc-lennox.qc.ca\/fr\/association-des-etudiants-de-champlain\/","og_locale":"fr_FR","og_type":"article","og_title":"Association des \u00e9tudiants | Champlain Lennoxville","og_description":"L\u2019Association des \u00e9tudiants de Champlain (CSA) repr\u00e9sente les \u00e9tudiants, g\u00e8re des services et activit\u00e9s, et d\u00e9fend leurs int\u00e9r\u00eats sociaux, acad\u00e9miques et environnementaux.","og_url":"https:\/\/www.crc-lennox.qc.ca\/fr\/association-des-etudiants-de-champlain\/","og_site_name":"Champlain Lennoxville","article_modified_time":"2026-04-29T15:23:43+00:00","og_image":[{"width":1024,"height":573,"url":"https:\/\/www.crc-lennox.qc.ca\/wp-content\/uploads\/2024\/11\/CSA-Executives-Council-2024-25-1024x573-1.jpg","type":"image\/jpeg"}],"twitter_card":"summary_large_image","twitter_title":"Association des \u00e9tudiants | Champlain Lennoxville","twitter_description":"L\u2019Association des \u00e9tudiants de Champlain (CSA) repr\u00e9sente les \u00e9tudiants, g\u00e8re des services et activit\u00e9s, et d\u00e9fend leurs int\u00e9r\u00eats sociaux, acad\u00e9miques et environnementaux.","twitter_image":"https:\/\/www.crc-lennox.qc.ca\/wp-content\/uploads\/2024\/11\/CSA-Executives-Council-2024-25-1024x573-1.jpg","schema":{"@context":"https:\/\/schema.org","@graph":[{"@type":"WebPage","@id":"https:\/\/www.crc-lennox.qc.ca\/fr\/association-des-etudiants-de-champlain\/","url":"https:\/\/www.crc-lennox.qc.ca\/fr\/association-des-etudiants-de-champlain\/","name":"Association des \u00e9tudiants | Champlain Lennoxville","isPartOf":{"@id":"https:\/\/www.crc-lennox.qc.ca\/fr\/#website"},"datePublished":"2024-11-06T02:36:40+00:00","dateModified":"2026-04-29T15:23:43+00:00","description":"L\u2019Association des \u00e9tudiants de Champlain (CSA) repr\u00e9sente les \u00e9tudiants, g\u00e8re des services et activit\u00e9s, et d\u00e9fend leurs int\u00e9r\u00eats sociaux, acad\u00e9miques et environnementaux.","breadcrumb":{"@id":"https:\/\/www.crc-lennox.qc.ca\/fr\/association-des-etudiants-de-champlain\/#breadcrumb"},"inLanguage":"fr-FR","potentialAction":[{"@type":"ReadAction","target":["https:\/\/www.crc-lennox.qc.ca\/fr\/association-des-etudiants-de-champlain\/"]}]},{"@type":"BreadcrumbList","@id":"https:\/\/www.crc-lennox.qc.ca\/fr\/association-des-etudiants-de-champlain\/#breadcrumb","itemListElement":[{"@type":"ListItem","position":1,"name":"Accueil","item":"https:\/\/www.crc-lennox.qc.ca\/fr\/"},{"@type":"ListItem","position":2,"name":"Association des \u00e9tudiants de Champlain"}]},{"@type":"WebSite","@id":"https:\/\/www.crc-lennox.qc.ca\/fr\/#website","url":"https:\/\/www.crc-lennox.qc.ca\/fr\/","name":"Champlain Lennoxville","description":"","potentialAction":[{"@type":"SearchAction","target":{"@type":"EntryPoint","urlTemplate":"https:\/\/www.crc-lennox.qc.ca\/fr\/?s={search_term_string}"},"query-input":{"@type":"PropertyValueSpecification","valueRequired":true,"valueName":"search_term_string"}}],"inLanguage":"fr-FR"}]}},"_links":{"self":[{"href":"https:\/\/www.crc-lennox.qc.ca\/fr\/wp-json\/wp\/v2\/pages\/7658","targetHints":{"allow":["GET"]}}],"collection":[{"href":"https:\/\/www.crc-lennox.qc.ca\/fr\/wp-json\/wp\/v2\/pages"}],"about":[{"href":"https:\/\/www.crc-lennox.qc.ca\/fr\/wp-json\/wp\/v2\/types\/page"}],"author":[{"embeddable":true,"href":"https:\/\/www.crc-lennox.qc.ca\/fr\/wp-json\/wp\/v2\/users\/15"}],"replies":[{"embeddable":true,"href":"https:\/\/www.crc-lennox.qc.ca\/fr\/wp-json\/wp\/v2\/comments?post=7658"}],"version-history":[{"count":6,"href":"https:\/\/www.crc-lennox.qc.ca\/fr\/wp-json\/wp\/v2\/pages\/7658\/revisions"}],"predecessor-version":[{"id":16122,"href":"https:\/\/www.crc-lennox.qc.ca\/fr\/wp-json\/wp\/v2\/pages\/7658\/revisions\/16122"}],"wp:attachment":[{"href":"https:\/\/www.crc-lennox.qc.ca\/fr\/wp-json\/wp\/v2\/media?parent=7658"}],"curies":[{"name":"wp","href":"https:\/\/api.w.org\/{rel}","templated":true}]}}