{"id":7591,"date":"2024-11-06T06:20:50","date_gmt":"2024-11-06T06:20:50","guid":{"rendered":"https:\/\/champlennoxdev.wpenginepowered.com\/international-experiences\/"},"modified":"2025-06-03T14:22:55","modified_gmt":"2025-06-03T19:22:55","slug":"sejours-a-linternational","status":"publish","type":"page","link":"https:\/\/www.crc-lennox.qc.ca\/fr\/sejours-a-linternational\/","title":{"rendered":"S\u00e9jours \u00e0 l&rsquo;international"},"content":{"rendered":"","protected":false},"excerpt":{"rendered":"","protected":false},"author":2,"featured_media":0,"parent":0,"menu_order":0,"comment_status":"closed","ping_status":"closed","template":"page-templates\/page-master-template.php","meta":{"_acf_changed":false,"footnotes":""},"class_list":["post-7591","page","type-page","status-publish","hentry"],"acf":[],"yoast_head":"<!-- This site is optimized with the Yoast SEO plugin v26.4 - https:\/\/yoast.com\/wordpress\/plugins\/seo\/ -->\n<title>Exp\u00e9riences internationales \u00c9tudiez \u00e0 l\u2019\u00e9tranger | Champlain Lennoxville<\/title>\n<meta name=\"description\" content=\"D\u00e9couvrez des opportunit\u00e9s d\u2019\u00e9tudes \u00e0 l\u2019\u00e9tranger avec Champlain Lennoxville pour enrichir votre perspective globale et vos comp\u00e9tences interculturelles.\" \/>\n<meta name=\"robots\" content=\"index, follow, max-snippet:-1, max-image-preview:large, max-video-preview:-1\" \/>\n<link rel=\"canonical\" href=\"https:\/\/www.crc-lennox.qc.ca\/fr\/sejours-a-linternational\/\" \/>\n<meta property=\"og:locale\" content=\"fr_FR\" \/>\n<meta property=\"og:type\" content=\"article\" \/>\n<meta property=\"og:title\" content=\"Exp\u00e9riences internationales \u00c9tudiez \u00e0 l\u2019\u00e9tranger | Champlain Lennoxville\" \/>\n<meta property=\"og:description\" content=\"D\u00e9couvrez des opportunit\u00e9s d\u2019\u00e9tudes \u00e0 l\u2019\u00e9tranger avec Champlain Lennoxville pour enrichir votre perspective globale et vos comp\u00e9tences interculturelles.\" \/>\n<meta property=\"og:url\" content=\"https:\/\/www.crc-lennox.qc.ca\/fr\/sejours-a-linternational\/\" \/>\n<meta property=\"og:site_name\" content=\"Champlain Lennoxville\" \/>\n<meta property=\"article:modified_time\" content=\"2025-06-03T19:22:55+00:00\" \/>\n<meta property=\"og:image\" content=\"https:\/\/www.crc-lennox.qc.ca\/wp-content\/uploads\/2024\/11\/Side-view-portrait-of-two-contemporary-college-students-one-of-them-African-shaking-hands-while-standing-on-opposite-sides-of-table-outdoors.jpg\" \/>\n\t<meta property=\"og:image:width\" content=\"1200\" \/>\n\t<meta property=\"og:image:height\" content=\"755\" \/>\n\t<meta property=\"og:image:type\" content=\"image\/jpeg\" \/>\n<meta name=\"twitter:card\" content=\"summary_large_image\" \/>\n<meta name=\"twitter:title\" content=\"Exp\u00e9riences internationales \u00c9tudiez \u00e0 l\u2019\u00e9tranger | Champlain Lennoxville\" \/>\n<meta name=\"twitter:description\" content=\"D\u00e9couvrez des opportunit\u00e9s d\u2019\u00e9tudes \u00e0 l\u2019\u00e9tranger avec Champlain Lennoxville pour enrichir votre perspective globale et vos comp\u00e9tences interculturelles.\" \/>\n<meta name=\"twitter:image\" content=\"https:\/\/www.crc-lennox.qc.ca\/wp-content\/uploads\/2024\/11\/Side-view-portrait-of-two-contemporary-college-students-one-of-them-African-shaking-hands-while-standing-on-opposite-sides-of-table-outdoors.jpg\" \/>\n<script type=\"application\/ld+json\" class=\"yoast-schema-graph\">{\"@context\":\"https:\/\/schema.org\",\"@graph\":[{\"@type\":\"WebPage\",\"@id\":\"https:\/\/www.crc-lennox.qc.ca\/fr\/sejours-a-linternational\/\",\"url\":\"https:\/\/www.crc-lennox.qc.ca\/fr\/sejours-a-linternational\/\",\"name\":\"Exp\u00e9riences internationales \u00c9tudiez \u00e0 l\u2019\u00e9tranger | Champlain Lennoxville\",\"isPartOf\":{\"@id\":\"https:\/\/www.crc-lennox.qc.ca\/fr\/#website\"},\"datePublished\":\"2024-11-06T06:20:50+00:00\",\"dateModified\":\"2025-06-03T19:22:55+00:00\",\"description\":\"D\u00e9couvrez des opportunit\u00e9s d\u2019\u00e9tudes \u00e0 l\u2019\u00e9tranger avec Champlain Lennoxville pour enrichir votre perspective globale et vos comp\u00e9tences interculturelles.\",\"breadcrumb\":{\"@id\":\"https:\/\/www.crc-lennox.qc.ca\/fr\/sejours-a-linternational\/#breadcrumb\"},\"inLanguage\":\"fr-FR\",\"potentialAction\":[{\"@type\":\"ReadAction\",\"target\":[\"https:\/\/www.crc-lennox.qc.ca\/fr\/sejours-a-linternational\/\"]}]},{\"@type\":\"BreadcrumbList\",\"@id\":\"https:\/\/www.crc-lennox.qc.ca\/fr\/sejours-a-linternational\/#breadcrumb\",\"itemListElement\":[{\"@type\":\"ListItem\",\"position\":1,\"name\":\"Accueil\",\"item\":\"https:\/\/www.crc-lennox.qc.ca\/fr\/\"},{\"@type\":\"ListItem\",\"position\":2,\"name\":\"S\u00e9jours \u00e0 l&#8217;international\"}]},{\"@type\":\"WebSite\",\"@id\":\"https:\/\/www.crc-lennox.qc.ca\/fr\/#website\",\"url\":\"https:\/\/www.crc-lennox.qc.ca\/fr\/\",\"name\":\"Champlain Lennoxville\",\"description\":\"\",\"potentialAction\":[{\"@type\":\"SearchAction\",\"target\":{\"@type\":\"EntryPoint\",\"urlTemplate\":\"https:\/\/www.crc-lennox.qc.ca\/fr\/?s={search_term_string}\"},\"query-input\":{\"@type\":\"PropertyValueSpecification\",\"valueRequired\":true,\"valueName\":\"search_term_string\"}}],\"inLanguage\":\"fr-FR\"}]}<\/script>\n<!-- \/ Yoast SEO plugin. -->","yoast_head_json":{"title":"Exp\u00e9riences internationales \u00c9tudiez \u00e0 l\u2019\u00e9tranger | Champlain Lennoxville","description":"D\u00e9couvrez des opportunit\u00e9s d\u2019\u00e9tudes \u00e0 l\u2019\u00e9tranger avec Champlain Lennoxville pour enrichir votre perspective globale et vos comp\u00e9tences interculturelles.","robots":{"index":"index","follow":"follow","max-snippet":"max-snippet:-1","max-image-preview":"max-image-preview:large","max-video-preview":"max-video-preview:-1"},"canonical":"https:\/\/www.crc-lennox.qc.ca\/fr\/sejours-a-linternational\/","og_locale":"fr_FR","og_type":"article","og_title":"Exp\u00e9riences internationales \u00c9tudiez \u00e0 l\u2019\u00e9tranger | Champlain Lennoxville","og_description":"D\u00e9couvrez des opportunit\u00e9s d\u2019\u00e9tudes \u00e0 l\u2019\u00e9tranger avec Champlain Lennoxville pour enrichir votre perspective globale et vos comp\u00e9tences interculturelles.","og_url":"https:\/\/www.crc-lennox.qc.ca\/fr\/sejours-a-linternational\/","og_site_name":"Champlain Lennoxville","article_modified_time":"2025-06-03T19:22:55+00:00","og_image":[{"width":1200,"height":755,"url":"https:\/\/www.crc-lennox.qc.ca\/wp-content\/uploads\/2024\/11\/Side-view-portrait-of-two-contemporary-college-students-one-of-them-African-shaking-hands-while-standing-on-opposite-sides-of-table-outdoors.jpg","type":"image\/jpeg"}],"twitter_card":"summary_large_image","twitter_title":"Exp\u00e9riences internationales \u00c9tudiez \u00e0 l\u2019\u00e9tranger | Champlain Lennoxville","twitter_description":"D\u00e9couvrez des opportunit\u00e9s d\u2019\u00e9tudes \u00e0 l\u2019\u00e9tranger avec Champlain Lennoxville pour enrichir votre perspective globale et vos comp\u00e9tences interculturelles.","twitter_image":"https:\/\/www.crc-lennox.qc.ca\/wp-content\/uploads\/2024\/11\/Side-view-portrait-of-two-contemporary-college-students-one-of-them-African-shaking-hands-while-standing-on-opposite-sides-of-table-outdoors.jpg","schema":{"@context":"https:\/\/schema.org","@graph":[{"@type":"WebPage","@id":"https:\/\/www.crc-lennox.qc.ca\/fr\/sejours-a-linternational\/","url":"https:\/\/www.crc-lennox.qc.ca\/fr\/sejours-a-linternational\/","name":"Exp\u00e9riences internationales \u00c9tudiez \u00e0 l\u2019\u00e9tranger | Champlain Lennoxville","isPartOf":{"@id":"https:\/\/www.crc-lennox.qc.ca\/fr\/#website"},"datePublished":"2024-11-06T06:20:50+00:00","dateModified":"2025-06-03T19:22:55+00:00","description":"D\u00e9couvrez des opportunit\u00e9s d\u2019\u00e9tudes \u00e0 l\u2019\u00e9tranger avec Champlain Lennoxville pour enrichir votre perspective globale et vos comp\u00e9tences interculturelles.","breadcrumb":{"@id":"https:\/\/www.crc-lennox.qc.ca\/fr\/sejours-a-linternational\/#breadcrumb"},"inLanguage":"fr-FR","potentialAction":[{"@type":"ReadAction","target":["https:\/\/www.crc-lennox.qc.ca\/fr\/sejours-a-linternational\/"]}]},{"@type":"BreadcrumbList","@id":"https:\/\/www.crc-lennox.qc.ca\/fr\/sejours-a-linternational\/#breadcrumb","itemListElement":[{"@type":"ListItem","position":1,"name":"Accueil","item":"https:\/\/www.crc-lennox.qc.ca\/fr\/"},{"@type":"ListItem","position":2,"name":"S\u00e9jours \u00e0 l&#8217;international"}]},{"@type":"WebSite","@id":"https:\/\/www.crc-lennox.qc.ca\/fr\/#website","url":"https:\/\/www.crc-lennox.qc.ca\/fr\/","name":"Champlain Lennoxville","description":"","potentialAction":[{"@type":"SearchAction","target":{"@type":"EntryPoint","urlTemplate":"https:\/\/www.crc-lennox.qc.ca\/fr\/?s={search_term_string}"},"query-input":{"@type":"PropertyValueSpecification","valueRequired":true,"valueName":"search_term_string"}}],"inLanguage":"fr-FR"}]}},"_links":{"self":[{"href":"https:\/\/www.crc-lennox.qc.ca\/fr\/wp-json\/wp\/v2\/pages\/7591","targetHints":{"allow":["GET"]}}],"collection":[{"href":"https:\/\/www.crc-lennox.qc.ca\/fr\/wp-json\/wp\/v2\/pages"}],"about":[{"href":"https:\/\/www.crc-lennox.qc.ca\/fr\/wp-json\/wp\/v2\/types\/page"}],"author":[{"embeddable":true,"href":"https:\/\/www.crc-lennox.qc.ca\/fr\/wp-json\/wp\/v2\/users\/2"}],"replies":[{"embeddable":true,"href":"https:\/\/www.crc-lennox.qc.ca\/fr\/wp-json\/wp\/v2\/comments?post=7591"}],"version-history":[{"count":4,"href":"https:\/\/www.crc-lennox.qc.ca\/fr\/wp-json\/wp\/v2\/pages\/7591\/revisions"}],"predecessor-version":[{"id":12685,"href":"https:\/\/www.crc-lennox.qc.ca\/fr\/wp-json\/wp\/v2\/pages\/7591\/revisions\/12685"}],"wp:attachment":[{"href":"https:\/\/www.crc-lennox.qc.ca\/fr\/wp-json\/wp\/v2\/media?parent=7591"}],"curies":[{"name":"wp","href":"https:\/\/api.w.org\/{rel}","templated":true}]}}