{"id":7589,"date":"2024-09-12T15:51:08","date_gmt":"2024-09-12T15:51:08","guid":{"rendered":"https:\/\/champlennoxdev.wpenginepowered.com\/indigenous-students\/"},"modified":"2025-09-23T08:10:56","modified_gmt":"2025-09-23T13:10:56","slug":"etudiants-autochtones","status":"publish","type":"page","link":"https:\/\/www.crc-lennox.qc.ca\/fr\/etudiants-autochtones\/","title":{"rendered":"\u00c9tudiants autochtones"},"content":{"rendered":"","protected":false},"excerpt":{"rendered":"","protected":false},"author":15,"featured_media":0,"parent":0,"menu_order":0,"comment_status":"closed","ping_status":"closed","template":"page-templates\/page-master-template.php","meta":{"_acf_changed":false,"footnotes":""},"class_list":["post-7589","page","type-page","status-publish","hentry"],"acf":[],"yoast_head":"<!-- This site is optimized with the Yoast SEO plugin v26.4 - https:\/\/yoast.com\/wordpress\/plugins\/seo\/ -->\n<title>Soutien aux \u00e9tudiants autochtones | Champlain Lennoxville<\/title>\n<meta name=\"description\" content=\"Champlain Lennoxville soutient les \u00e9tudiants autochtones gr\u00e2ce \u00e0 des activit\u00e9s culturelles, un mentorat acad\u00e9mique et un espace communautaire d\u00e9di\u00e9.\" \/>\n<meta name=\"robots\" content=\"index, follow, max-snippet:-1, max-image-preview:large, max-video-preview:-1\" \/>\n<link rel=\"canonical\" href=\"https:\/\/www.crc-lennox.qc.ca\/fr\/etudiants-autochtones\/\" \/>\n<meta property=\"og:locale\" content=\"fr_FR\" \/>\n<meta property=\"og:type\" content=\"article\" \/>\n<meta property=\"og:title\" content=\"Soutien aux \u00e9tudiants autochtones | Champlain Lennoxville\" \/>\n<meta property=\"og:description\" content=\"Champlain Lennoxville soutient les \u00e9tudiants autochtones gr\u00e2ce \u00e0 des activit\u00e9s culturelles, un mentorat acad\u00e9mique et un espace communautaire d\u00e9di\u00e9.\" \/>\n<meta property=\"og:url\" content=\"https:\/\/www.crc-lennox.qc.ca\/fr\/etudiants-autochtones\/\" \/>\n<meta property=\"og:site_name\" content=\"Champlain Lennoxville\" \/>\n<meta property=\"article:modified_time\" content=\"2025-09-23T13:10:56+00:00\" \/>\n<meta property=\"og:image\" content=\"https:\/\/www.crc-lennox.qc.ca\/wp-content\/uploads\/2024\/09\/IMG_1647-1024x768-1.jpg\" \/>\n\t<meta property=\"og:image:width\" content=\"1024\" \/>\n\t<meta property=\"og:image:height\" content=\"768\" \/>\n\t<meta property=\"og:image:type\" content=\"image\/jpeg\" \/>\n<meta name=\"twitter:card\" content=\"summary_large_image\" \/>\n<meta name=\"twitter:title\" content=\"Soutien aux \u00e9tudiants autochtones | Champlain Lennoxville\" \/>\n<meta name=\"twitter:description\" content=\"Champlain Lennoxville soutient les \u00e9tudiants autochtones gr\u00e2ce \u00e0 des activit\u00e9s culturelles, un mentorat acad\u00e9mique et un espace communautaire d\u00e9di\u00e9.\" \/>\n<meta name=\"twitter:image\" content=\"https:\/\/www.crc-lennox.qc.ca\/wp-content\/uploads\/2024\/09\/IMG_1647-1024x768-1.jpg\" \/>\n<script type=\"application\/ld+json\" class=\"yoast-schema-graph\">{\"@context\":\"https:\/\/schema.org\",\"@graph\":[{\"@type\":\"WebPage\",\"@id\":\"https:\/\/www.crc-lennox.qc.ca\/fr\/etudiants-autochtones\/\",\"url\":\"https:\/\/www.crc-lennox.qc.ca\/fr\/etudiants-autochtones\/\",\"name\":\"Soutien aux \u00e9tudiants autochtones | Champlain Lennoxville\",\"isPartOf\":{\"@id\":\"https:\/\/www.crc-lennox.qc.ca\/fr\/#website\"},\"datePublished\":\"2024-09-12T15:51:08+00:00\",\"dateModified\":\"2025-09-23T13:10:56+00:00\",\"description\":\"Champlain Lennoxville soutient les \u00e9tudiants autochtones gr\u00e2ce \u00e0 des activit\u00e9s culturelles, un mentorat acad\u00e9mique et un espace communautaire d\u00e9di\u00e9.\",\"breadcrumb\":{\"@id\":\"https:\/\/www.crc-lennox.qc.ca\/fr\/etudiants-autochtones\/#breadcrumb\"},\"inLanguage\":\"fr-FR\",\"potentialAction\":[{\"@type\":\"ReadAction\",\"target\":[\"https:\/\/www.crc-lennox.qc.ca\/fr\/etudiants-autochtones\/\"]}]},{\"@type\":\"BreadcrumbList\",\"@id\":\"https:\/\/www.crc-lennox.qc.ca\/fr\/etudiants-autochtones\/#breadcrumb\",\"itemListElement\":[{\"@type\":\"ListItem\",\"position\":1,\"name\":\"Accueil\",\"item\":\"https:\/\/www.crc-lennox.qc.ca\/fr\/\"},{\"@type\":\"ListItem\",\"position\":2,\"name\":\"Services\",\"item\":\"https:\/\/www.crc-lennox.qc.ca\/fr\/services\/\"},{\"@type\":\"ListItem\",\"position\":3,\"name\":\"Services aux \u00e9tudiants\",\"item\":\"https:\/\/www.crc-lennox.qc.ca\/fr\/services-aux-etudiants\/\"},{\"@type\":\"ListItem\",\"position\":4,\"name\":\"\u00c9tudiants autochtones\"}]},{\"@type\":\"WebSite\",\"@id\":\"https:\/\/www.crc-lennox.qc.ca\/fr\/#website\",\"url\":\"https:\/\/www.crc-lennox.qc.ca\/fr\/\",\"name\":\"Champlain Lennoxville\",\"description\":\"\",\"potentialAction\":[{\"@type\":\"SearchAction\",\"target\":{\"@type\":\"EntryPoint\",\"urlTemplate\":\"https:\/\/www.crc-lennox.qc.ca\/fr\/?s={search_term_string}\"},\"query-input\":{\"@type\":\"PropertyValueSpecification\",\"valueRequired\":true,\"valueName\":\"search_term_string\"}}],\"inLanguage\":\"fr-FR\"}]}<\/script>\n<!-- \/ Yoast SEO plugin. -->","yoast_head_json":{"title":"Soutien aux \u00e9tudiants autochtones | Champlain Lennoxville","description":"Champlain Lennoxville soutient les \u00e9tudiants autochtones gr\u00e2ce \u00e0 des activit\u00e9s culturelles, un mentorat acad\u00e9mique et un espace communautaire d\u00e9di\u00e9.","robots":{"index":"index","follow":"follow","max-snippet":"max-snippet:-1","max-image-preview":"max-image-preview:large","max-video-preview":"max-video-preview:-1"},"canonical":"https:\/\/www.crc-lennox.qc.ca\/fr\/etudiants-autochtones\/","og_locale":"fr_FR","og_type":"article","og_title":"Soutien aux \u00e9tudiants autochtones | Champlain Lennoxville","og_description":"Champlain Lennoxville soutient les \u00e9tudiants autochtones gr\u00e2ce \u00e0 des activit\u00e9s culturelles, un mentorat acad\u00e9mique et un espace communautaire d\u00e9di\u00e9.","og_url":"https:\/\/www.crc-lennox.qc.ca\/fr\/etudiants-autochtones\/","og_site_name":"Champlain Lennoxville","article_modified_time":"2025-09-23T13:10:56+00:00","og_image":[{"width":1024,"height":768,"url":"https:\/\/www.crc-lennox.qc.ca\/wp-content\/uploads\/2024\/09\/IMG_1647-1024x768-1.jpg","type":"image\/jpeg"}],"twitter_card":"summary_large_image","twitter_title":"Soutien aux \u00e9tudiants autochtones | Champlain Lennoxville","twitter_description":"Champlain Lennoxville soutient les \u00e9tudiants autochtones gr\u00e2ce \u00e0 des activit\u00e9s culturelles, un mentorat acad\u00e9mique et un espace communautaire d\u00e9di\u00e9.","twitter_image":"https:\/\/www.crc-lennox.qc.ca\/wp-content\/uploads\/2024\/09\/IMG_1647-1024x768-1.jpg","schema":{"@context":"https:\/\/schema.org","@graph":[{"@type":"WebPage","@id":"https:\/\/www.crc-lennox.qc.ca\/fr\/etudiants-autochtones\/","url":"https:\/\/www.crc-lennox.qc.ca\/fr\/etudiants-autochtones\/","name":"Soutien aux \u00e9tudiants autochtones | Champlain Lennoxville","isPartOf":{"@id":"https:\/\/www.crc-lennox.qc.ca\/fr\/#website"},"datePublished":"2024-09-12T15:51:08+00:00","dateModified":"2025-09-23T13:10:56+00:00","description":"Champlain Lennoxville soutient les \u00e9tudiants autochtones gr\u00e2ce \u00e0 des activit\u00e9s culturelles, un mentorat acad\u00e9mique et un espace communautaire d\u00e9di\u00e9.","breadcrumb":{"@id":"https:\/\/www.crc-lennox.qc.ca\/fr\/etudiants-autochtones\/#breadcrumb"},"inLanguage":"fr-FR","potentialAction":[{"@type":"ReadAction","target":["https:\/\/www.crc-lennox.qc.ca\/fr\/etudiants-autochtones\/"]}]},{"@type":"BreadcrumbList","@id":"https:\/\/www.crc-lennox.qc.ca\/fr\/etudiants-autochtones\/#breadcrumb","itemListElement":[{"@type":"ListItem","position":1,"name":"Accueil","item":"https:\/\/www.crc-lennox.qc.ca\/fr\/"},{"@type":"ListItem","position":2,"name":"Services","item":"https:\/\/www.crc-lennox.qc.ca\/fr\/services\/"},{"@type":"ListItem","position":3,"name":"Services aux \u00e9tudiants","item":"https:\/\/www.crc-lennox.qc.ca\/fr\/services-aux-etudiants\/"},{"@type":"ListItem","position":4,"name":"\u00c9tudiants autochtones"}]},{"@type":"WebSite","@id":"https:\/\/www.crc-lennox.qc.ca\/fr\/#website","url":"https:\/\/www.crc-lennox.qc.ca\/fr\/","name":"Champlain Lennoxville","description":"","potentialAction":[{"@type":"SearchAction","target":{"@type":"EntryPoint","urlTemplate":"https:\/\/www.crc-lennox.qc.ca\/fr\/?s={search_term_string}"},"query-input":{"@type":"PropertyValueSpecification","valueRequired":true,"valueName":"search_term_string"}}],"inLanguage":"fr-FR"}]}},"_links":{"self":[{"href":"https:\/\/www.crc-lennox.qc.ca\/fr\/wp-json\/wp\/v2\/pages\/7589","targetHints":{"allow":["GET"]}}],"collection":[{"href":"https:\/\/www.crc-lennox.qc.ca\/fr\/wp-json\/wp\/v2\/pages"}],"about":[{"href":"https:\/\/www.crc-lennox.qc.ca\/fr\/wp-json\/wp\/v2\/types\/page"}],"author":[{"embeddable":true,"href":"https:\/\/www.crc-lennox.qc.ca\/fr\/wp-json\/wp\/v2\/users\/15"}],"replies":[{"embeddable":true,"href":"https:\/\/www.crc-lennox.qc.ca\/fr\/wp-json\/wp\/v2\/comments?post=7589"}],"version-history":[{"count":15,"href":"https:\/\/www.crc-lennox.qc.ca\/fr\/wp-json\/wp\/v2\/pages\/7589\/revisions"}],"predecessor-version":[{"id":14945,"href":"https:\/\/www.crc-lennox.qc.ca\/fr\/wp-json\/wp\/v2\/pages\/7589\/revisions\/14945"}],"wp:attachment":[{"href":"https:\/\/www.crc-lennox.qc.ca\/fr\/wp-json\/wp\/v2\/media?parent=7589"}],"curies":[{"name":"wp","href":"https:\/\/api.w.org\/{rel}","templated":true}]}}