{"id":7583,"date":"2024-09-12T03:59:33","date_gmt":"2024-09-12T03:59:33","guid":{"rendered":"https:\/\/champlennoxdev.wpenginepowered.com\/emergency-and-security\/"},"modified":"2026-05-07T09:18:59","modified_gmt":"2026-05-07T14:18:59","slug":"urgence-et-securite","status":"publish","type":"page","link":"https:\/\/www.crc-lennox.qc.ca\/fr\/urgence-et-securite\/","title":{"rendered":"Urgence et s\u00e9curit\u00e9"},"content":{"rendered":"","protected":false},"excerpt":{"rendered":"","protected":false},"author":2,"featured_media":0,"parent":0,"menu_order":0,"comment_status":"closed","ping_status":"closed","template":"page-templates\/page-master-template.php","meta":{"_acf_changed":false,"footnotes":""},"class_list":["post-7583","page","type-page","status-publish","hentry"],"acf":[],"yoast_head":"<!-- This site is optimized with the Yoast SEO plugin v26.4 - https:\/\/yoast.com\/wordpress\/plugins\/seo\/ -->\n<title>Urgence et s\u00e9curit\u00e9 sur campus | Champlain Lennoxville<\/title>\n<meta name=\"description\" content=\"Champlain Lennoxville offre des services de s\u00e9curit\u00e9 24\/7, des protocoles d\u2019urgence et un programme Safe Walk pour votre tranquillit\u00e9 d\u2019esprit.\" \/>\n<meta name=\"robots\" content=\"index, follow, max-snippet:-1, max-image-preview:large, max-video-preview:-1\" \/>\n<link rel=\"canonical\" href=\"https:\/\/www.crc-lennox.qc.ca\/fr\/urgence-et-securite\/\" \/>\n<meta property=\"og:locale\" content=\"fr_FR\" \/>\n<meta property=\"og:type\" content=\"article\" \/>\n<meta property=\"og:title\" content=\"Urgence et s\u00e9curit\u00e9 sur campus | Champlain Lennoxville\" \/>\n<meta property=\"og:description\" content=\"Champlain Lennoxville offre des services de s\u00e9curit\u00e9 24\/7, des protocoles d\u2019urgence et un programme Safe Walk pour votre tranquillit\u00e9 d\u2019esprit.\" \/>\n<meta property=\"og:url\" content=\"https:\/\/www.crc-lennox.qc.ca\/fr\/urgence-et-securite\/\" \/>\n<meta property=\"og:site_name\" content=\"Champlain Lennoxville\" \/>\n<meta property=\"article:modified_time\" content=\"2026-05-07T14:18:59+00:00\" \/>\n<meta property=\"og:image\" content=\"https:\/\/www.crc-lennox.qc.ca\/wp-content\/uploads\/2024\/09\/AdobeStock_158335430.jpg\" \/>\n\t<meta property=\"og:image:width\" content=\"1200\" \/>\n\t<meta property=\"og:image:height\" content=\"800\" \/>\n\t<meta property=\"og:image:type\" content=\"image\/jpeg\" \/>\n<meta name=\"twitter:card\" content=\"summary_large_image\" \/>\n<meta name=\"twitter:title\" content=\"Urgence et s\u00e9curit\u00e9 sur campus | Champlain Lennoxville\" \/>\n<meta name=\"twitter:description\" content=\"Champlain Lennoxville offre des services de s\u00e9curit\u00e9 24\/7, des protocoles d\u2019urgence et un programme Safe Walk pour votre tranquillit\u00e9 d\u2019esprit.\" \/>\n<meta name=\"twitter:image\" content=\"https:\/\/www.crc-lennox.qc.ca\/wp-content\/uploads\/2024\/09\/AdobeStock_158335430.jpg\" \/>\n<script type=\"application\/ld+json\" class=\"yoast-schema-graph\">{\"@context\":\"https:\/\/schema.org\",\"@graph\":[{\"@type\":\"WebPage\",\"@id\":\"https:\/\/www.crc-lennox.qc.ca\/fr\/urgence-et-securite\/\",\"url\":\"https:\/\/www.crc-lennox.qc.ca\/fr\/urgence-et-securite\/\",\"name\":\"Urgence et s\u00e9curit\u00e9 sur campus | Champlain Lennoxville\",\"isPartOf\":{\"@id\":\"https:\/\/www.crc-lennox.qc.ca\/fr\/#website\"},\"datePublished\":\"2024-09-12T03:59:33+00:00\",\"dateModified\":\"2026-05-07T14:18:59+00:00\",\"description\":\"Champlain Lennoxville offre des services de s\u00e9curit\u00e9 24\/7, des protocoles d\u2019urgence et un programme Safe Walk pour votre tranquillit\u00e9 d\u2019esprit.\",\"breadcrumb\":{\"@id\":\"https:\/\/www.crc-lennox.qc.ca\/fr\/urgence-et-securite\/#breadcrumb\"},\"inLanguage\":\"fr-FR\",\"potentialAction\":[{\"@type\":\"ReadAction\",\"target\":[\"https:\/\/www.crc-lennox.qc.ca\/fr\/urgence-et-securite\/\"]}]},{\"@type\":\"BreadcrumbList\",\"@id\":\"https:\/\/www.crc-lennox.qc.ca\/fr\/urgence-et-securite\/#breadcrumb\",\"itemListElement\":[{\"@type\":\"ListItem\",\"position\":1,\"name\":\"Accueil\",\"item\":\"https:\/\/www.crc-lennox.qc.ca\/fr\/\"},{\"@type\":\"ListItem\",\"position\":2,\"name\":\"Services\",\"item\":\"https:\/\/www.crc-lennox.qc.ca\/fr\/services\/\"},{\"@type\":\"ListItem\",\"position\":3,\"name\":\"Services du coll\u00e8ge\",\"item\":\"https:\/\/www.crc-lennox.qc.ca\/fr\/services-du-college\/\"},{\"@type\":\"ListItem\",\"position\":4,\"name\":\"Urgence et s\u00e9curit\u00e9\"}]},{\"@type\":\"WebSite\",\"@id\":\"https:\/\/www.crc-lennox.qc.ca\/fr\/#website\",\"url\":\"https:\/\/www.crc-lennox.qc.ca\/fr\/\",\"name\":\"Champlain Lennoxville\",\"description\":\"\",\"potentialAction\":[{\"@type\":\"SearchAction\",\"target\":{\"@type\":\"EntryPoint\",\"urlTemplate\":\"https:\/\/www.crc-lennox.qc.ca\/fr\/?s={search_term_string}\"},\"query-input\":{\"@type\":\"PropertyValueSpecification\",\"valueRequired\":true,\"valueName\":\"search_term_string\"}}],\"inLanguage\":\"fr-FR\"}]}<\/script>\n<!-- \/ Yoast SEO plugin. -->","yoast_head_json":{"title":"Urgence et s\u00e9curit\u00e9 sur campus | Champlain Lennoxville","description":"Champlain Lennoxville offre des services de s\u00e9curit\u00e9 24\/7, des protocoles d\u2019urgence et un programme Safe Walk pour votre tranquillit\u00e9 d\u2019esprit.","robots":{"index":"index","follow":"follow","max-snippet":"max-snippet:-1","max-image-preview":"max-image-preview:large","max-video-preview":"max-video-preview:-1"},"canonical":"https:\/\/www.crc-lennox.qc.ca\/fr\/urgence-et-securite\/","og_locale":"fr_FR","og_type":"article","og_title":"Urgence et s\u00e9curit\u00e9 sur campus | Champlain Lennoxville","og_description":"Champlain Lennoxville offre des services de s\u00e9curit\u00e9 24\/7, des protocoles d\u2019urgence et un programme Safe Walk pour votre tranquillit\u00e9 d\u2019esprit.","og_url":"https:\/\/www.crc-lennox.qc.ca\/fr\/urgence-et-securite\/","og_site_name":"Champlain Lennoxville","article_modified_time":"2026-05-07T14:18:59+00:00","og_image":[{"width":1200,"height":800,"url":"https:\/\/www.crc-lennox.qc.ca\/wp-content\/uploads\/2024\/09\/AdobeStock_158335430.jpg","type":"image\/jpeg"}],"twitter_card":"summary_large_image","twitter_title":"Urgence et s\u00e9curit\u00e9 sur campus | Champlain Lennoxville","twitter_description":"Champlain Lennoxville offre des services de s\u00e9curit\u00e9 24\/7, des protocoles d\u2019urgence et un programme Safe Walk pour votre tranquillit\u00e9 d\u2019esprit.","twitter_image":"https:\/\/www.crc-lennox.qc.ca\/wp-content\/uploads\/2024\/09\/AdobeStock_158335430.jpg","schema":{"@context":"https:\/\/schema.org","@graph":[{"@type":"WebPage","@id":"https:\/\/www.crc-lennox.qc.ca\/fr\/urgence-et-securite\/","url":"https:\/\/www.crc-lennox.qc.ca\/fr\/urgence-et-securite\/","name":"Urgence et s\u00e9curit\u00e9 sur campus | Champlain Lennoxville","isPartOf":{"@id":"https:\/\/www.crc-lennox.qc.ca\/fr\/#website"},"datePublished":"2024-09-12T03:59:33+00:00","dateModified":"2026-05-07T14:18:59+00:00","description":"Champlain Lennoxville offre des services de s\u00e9curit\u00e9 24\/7, des protocoles d\u2019urgence et un programme Safe Walk pour votre tranquillit\u00e9 d\u2019esprit.","breadcrumb":{"@id":"https:\/\/www.crc-lennox.qc.ca\/fr\/urgence-et-securite\/#breadcrumb"},"inLanguage":"fr-FR","potentialAction":[{"@type":"ReadAction","target":["https:\/\/www.crc-lennox.qc.ca\/fr\/urgence-et-securite\/"]}]},{"@type":"BreadcrumbList","@id":"https:\/\/www.crc-lennox.qc.ca\/fr\/urgence-et-securite\/#breadcrumb","itemListElement":[{"@type":"ListItem","position":1,"name":"Accueil","item":"https:\/\/www.crc-lennox.qc.ca\/fr\/"},{"@type":"ListItem","position":2,"name":"Services","item":"https:\/\/www.crc-lennox.qc.ca\/fr\/services\/"},{"@type":"ListItem","position":3,"name":"Services du coll\u00e8ge","item":"https:\/\/www.crc-lennox.qc.ca\/fr\/services-du-college\/"},{"@type":"ListItem","position":4,"name":"Urgence et s\u00e9curit\u00e9"}]},{"@type":"WebSite","@id":"https:\/\/www.crc-lennox.qc.ca\/fr\/#website","url":"https:\/\/www.crc-lennox.qc.ca\/fr\/","name":"Champlain Lennoxville","description":"","potentialAction":[{"@type":"SearchAction","target":{"@type":"EntryPoint","urlTemplate":"https:\/\/www.crc-lennox.qc.ca\/fr\/?s={search_term_string}"},"query-input":{"@type":"PropertyValueSpecification","valueRequired":true,"valueName":"search_term_string"}}],"inLanguage":"fr-FR"}]}},"_links":{"self":[{"href":"https:\/\/www.crc-lennox.qc.ca\/fr\/wp-json\/wp\/v2\/pages\/7583","targetHints":{"allow":["GET"]}}],"collection":[{"href":"https:\/\/www.crc-lennox.qc.ca\/fr\/wp-json\/wp\/v2\/pages"}],"about":[{"href":"https:\/\/www.crc-lennox.qc.ca\/fr\/wp-json\/wp\/v2\/types\/page"}],"author":[{"embeddable":true,"href":"https:\/\/www.crc-lennox.qc.ca\/fr\/wp-json\/wp\/v2\/users\/2"}],"replies":[{"embeddable":true,"href":"https:\/\/www.crc-lennox.qc.ca\/fr\/wp-json\/wp\/v2\/comments?post=7583"}],"version-history":[{"count":7,"href":"https:\/\/www.crc-lennox.qc.ca\/fr\/wp-json\/wp\/v2\/pages\/7583\/revisions"}],"predecessor-version":[{"id":16250,"href":"https:\/\/www.crc-lennox.qc.ca\/fr\/wp-json\/wp\/v2\/pages\/7583\/revisions\/16250"}],"wp:attachment":[{"href":"https:\/\/www.crc-lennox.qc.ca\/fr\/wp-json\/wp\/v2\/media?parent=7583"}],"curies":[{"name":"wp","href":"https:\/\/api.w.org\/{rel}","templated":true}]}}