{"id":7544,"date":"2024-09-11T17:24:42","date_gmt":"2024-09-11T17:24:42","guid":{"rendered":"https:\/\/champlennoxdev.wpenginepowered.com\/residences-and-housing\/"},"modified":"2026-01-12T15:40:00","modified_gmt":"2026-01-12T20:40:00","slug":"residences-et-logements","status":"publish","type":"page","link":"https:\/\/www.crc-lennox.qc.ca\/fr\/residences-et-logements\/","title":{"rendered":"R\u00e9sidences et logements"},"content":{"rendered":"","protected":false},"excerpt":{"rendered":"","protected":false},"author":15,"featured_media":12596,"parent":0,"menu_order":0,"comment_status":"closed","ping_status":"closed","template":"page-templates\/page-master-template.php","meta":{"_acf_changed":false,"footnotes":""},"class_list":["post-7544","page","type-page","status-publish","has-post-thumbnail","hentry"],"acf":[],"yoast_head":"<!-- This site is optimized with the Yoast SEO plugin v26.4 - https:\/\/yoast.com\/wordpress\/plugins\/seo\/ -->\n<title>R\u00e9sidences et logements | Champlain Lennoxville<\/title>\n<meta name=\"description\" content=\"Profitez d\u2019un milieu r\u00e9sidentiel \u00e9tudiant dynamique et s\u00e9curis\u00e9 pr\u00e8s du campus de Champlain Lennoxville, dans un cadre paisible \u00e0 Sherbrooke.\" \/>\n<meta name=\"robots\" content=\"index, follow, max-snippet:-1, max-image-preview:large, max-video-preview:-1\" \/>\n<link rel=\"canonical\" href=\"https:\/\/www.crc-lennox.qc.ca\/fr\/residences-et-logements\/\" \/>\n<meta property=\"og:locale\" content=\"fr_FR\" \/>\n<meta property=\"og:type\" content=\"article\" \/>\n<meta property=\"og:title\" content=\"R\u00e9sidences et logements | Champlain Lennoxville\" \/>\n<meta property=\"og:description\" content=\"Profitez d\u2019un milieu r\u00e9sidentiel \u00e9tudiant dynamique et s\u00e9curis\u00e9 pr\u00e8s du campus de Champlain Lennoxville, dans un cadre paisible \u00e0 Sherbrooke.\" \/>\n<meta property=\"og:url\" content=\"https:\/\/www.crc-lennox.qc.ca\/fr\/residences-et-logements\/\" \/>\n<meta property=\"og:site_name\" content=\"Champlain Lennoxville\" \/>\n<meta property=\"article:modified_time\" content=\"2026-01-12T20:40:00+00:00\" \/>\n<meta property=\"og:image\" content=\"https:\/\/www.crc-lennox.qc.ca\/wp-content\/uploads\/2024\/08\/img-news-1-1.jpg\" \/>\n\t<meta property=\"og:image:width\" content=\"1200\" \/>\n\t<meta property=\"og:image:height\" content=\"755\" \/>\n\t<meta property=\"og:image:type\" content=\"image\/jpeg\" \/>\n<meta name=\"twitter:card\" content=\"summary_large_image\" \/>\n<meta name=\"twitter:title\" content=\"R\u00e9sidences et logements | Champlain Lennoxville\" \/>\n<meta name=\"twitter:description\" content=\"Profitez d\u2019un milieu r\u00e9sidentiel \u00e9tudiant dynamique et s\u00e9curis\u00e9 pr\u00e8s du campus de Champlain Lennoxville, dans un cadre paisible \u00e0 Sherbrooke.\" \/>\n<meta name=\"twitter:image\" content=\"https:\/\/www.crc-lennox.qc.ca\/wp-content\/uploads\/2024\/08\/img-news-1-1.jpg\" \/>\n<meta name=\"twitter:label1\" content=\"Dur\u00e9e de lecture estim\u00e9e\" \/>\n\t<meta name=\"twitter:data1\" content=\"1 minute\" \/>\n<script type=\"application\/ld+json\" class=\"yoast-schema-graph\">{\"@context\":\"https:\/\/schema.org\",\"@graph\":[{\"@type\":\"WebPage\",\"@id\":\"https:\/\/www.crc-lennox.qc.ca\/fr\/residences-et-logements\/\",\"url\":\"https:\/\/www.crc-lennox.qc.ca\/fr\/residences-et-logements\/\",\"name\":\"R\u00e9sidences et logements | Champlain Lennoxville\",\"isPartOf\":{\"@id\":\"https:\/\/www.crc-lennox.qc.ca\/fr\/#website\"},\"primaryImageOfPage\":{\"@id\":\"https:\/\/www.crc-lennox.qc.ca\/fr\/residences-et-logements\/#primaryimage\"},\"image\":{\"@id\":\"https:\/\/www.crc-lennox.qc.ca\/fr\/residences-et-logements\/#primaryimage\"},\"thumbnailUrl\":\"https:\/\/www.crc-lennox.qc.ca\/wp-content\/uploads\/2025\/05\/ContEd-Website-Banners-3.png\",\"datePublished\":\"2024-09-11T17:24:42+00:00\",\"dateModified\":\"2026-01-12T20:40:00+00:00\",\"description\":\"Profitez d\u2019un milieu r\u00e9sidentiel \u00e9tudiant dynamique et s\u00e9curis\u00e9 pr\u00e8s du campus de Champlain Lennoxville, dans un cadre paisible \u00e0 Sherbrooke.\",\"breadcrumb\":{\"@id\":\"https:\/\/www.crc-lennox.qc.ca\/fr\/residences-et-logements\/#breadcrumb\"},\"inLanguage\":\"fr-FR\",\"potentialAction\":[{\"@type\":\"ReadAction\",\"target\":[\"https:\/\/www.crc-lennox.qc.ca\/fr\/residences-et-logements\/\"]}]},{\"@type\":\"ImageObject\",\"inLanguage\":\"fr-FR\",\"@id\":\"https:\/\/www.crc-lennox.qc.ca\/fr\/residences-et-logements\/#primaryimage\",\"url\":\"https:\/\/www.crc-lennox.qc.ca\/wp-content\/uploads\/2025\/05\/ContEd-Website-Banners-3.png\",\"contentUrl\":\"https:\/\/www.crc-lennox.qc.ca\/wp-content\/uploads\/2025\/05\/ContEd-Website-Banners-3.png\",\"width\":2000,\"height\":1000},{\"@type\":\"BreadcrumbList\",\"@id\":\"https:\/\/www.crc-lennox.qc.ca\/fr\/residences-et-logements\/#breadcrumb\",\"itemListElement\":[{\"@type\":\"ListItem\",\"position\":1,\"name\":\"Accueil\",\"item\":\"https:\/\/www.crc-lennox.qc.ca\/fr\/\"},{\"@type\":\"ListItem\",\"position\":2,\"name\":\"Services\",\"item\":\"https:\/\/www.crc-lennox.qc.ca\/fr\/services\/\"},{\"@type\":\"ListItem\",\"position\":3,\"name\":\"Services du coll\u00e8ge\",\"item\":\"https:\/\/www.crc-lennox.qc.ca\/fr\/services-du-college\/\"},{\"@type\":\"ListItem\",\"position\":4,\"name\":\"R\u00e9sidences et logements\"}]},{\"@type\":\"WebSite\",\"@id\":\"https:\/\/www.crc-lennox.qc.ca\/fr\/#website\",\"url\":\"https:\/\/www.crc-lennox.qc.ca\/fr\/\",\"name\":\"Champlain Lennoxville\",\"description\":\"\",\"potentialAction\":[{\"@type\":\"SearchAction\",\"target\":{\"@type\":\"EntryPoint\",\"urlTemplate\":\"https:\/\/www.crc-lennox.qc.ca\/fr\/?s={search_term_string}\"},\"query-input\":{\"@type\":\"PropertyValueSpecification\",\"valueRequired\":true,\"valueName\":\"search_term_string\"}}],\"inLanguage\":\"fr-FR\"}]}<\/script>\n<!-- \/ Yoast SEO plugin. -->","yoast_head_json":{"title":"R\u00e9sidences et logements | Champlain Lennoxville","description":"Profitez d\u2019un milieu r\u00e9sidentiel \u00e9tudiant dynamique et s\u00e9curis\u00e9 pr\u00e8s du campus de Champlain Lennoxville, dans un cadre paisible \u00e0 Sherbrooke.","robots":{"index":"index","follow":"follow","max-snippet":"max-snippet:-1","max-image-preview":"max-image-preview:large","max-video-preview":"max-video-preview:-1"},"canonical":"https:\/\/www.crc-lennox.qc.ca\/fr\/residences-et-logements\/","og_locale":"fr_FR","og_type":"article","og_title":"R\u00e9sidences et logements | Champlain Lennoxville","og_description":"Profitez d\u2019un milieu r\u00e9sidentiel \u00e9tudiant dynamique et s\u00e9curis\u00e9 pr\u00e8s du campus de Champlain Lennoxville, dans un cadre paisible \u00e0 Sherbrooke.","og_url":"https:\/\/www.crc-lennox.qc.ca\/fr\/residences-et-logements\/","og_site_name":"Champlain Lennoxville","article_modified_time":"2026-01-12T20:40:00+00:00","og_image":[{"width":1200,"height":755,"url":"https:\/\/www.crc-lennox.qc.ca\/wp-content\/uploads\/2024\/08\/img-news-1-1.jpg","type":"image\/jpeg"}],"twitter_card":"summary_large_image","twitter_title":"R\u00e9sidences et logements | Champlain Lennoxville","twitter_description":"Profitez d\u2019un milieu r\u00e9sidentiel \u00e9tudiant dynamique et s\u00e9curis\u00e9 pr\u00e8s du campus de Champlain Lennoxville, dans un cadre paisible \u00e0 Sherbrooke.","twitter_image":"https:\/\/www.crc-lennox.qc.ca\/wp-content\/uploads\/2024\/08\/img-news-1-1.jpg","twitter_misc":{"Dur\u00e9e de lecture estim\u00e9e":"1 minute"},"schema":{"@context":"https:\/\/schema.org","@graph":[{"@type":"WebPage","@id":"https:\/\/www.crc-lennox.qc.ca\/fr\/residences-et-logements\/","url":"https:\/\/www.crc-lennox.qc.ca\/fr\/residences-et-logements\/","name":"R\u00e9sidences et logements | Champlain Lennoxville","isPartOf":{"@id":"https:\/\/www.crc-lennox.qc.ca\/fr\/#website"},"primaryImageOfPage":{"@id":"https:\/\/www.crc-lennox.qc.ca\/fr\/residences-et-logements\/#primaryimage"},"image":{"@id":"https:\/\/www.crc-lennox.qc.ca\/fr\/residences-et-logements\/#primaryimage"},"thumbnailUrl":"https:\/\/www.crc-lennox.qc.ca\/wp-content\/uploads\/2025\/05\/ContEd-Website-Banners-3.png","datePublished":"2024-09-11T17:24:42+00:00","dateModified":"2026-01-12T20:40:00+00:00","description":"Profitez d\u2019un milieu r\u00e9sidentiel \u00e9tudiant dynamique et s\u00e9curis\u00e9 pr\u00e8s du campus de Champlain Lennoxville, dans un cadre paisible \u00e0 Sherbrooke.","breadcrumb":{"@id":"https:\/\/www.crc-lennox.qc.ca\/fr\/residences-et-logements\/#breadcrumb"},"inLanguage":"fr-FR","potentialAction":[{"@type":"ReadAction","target":["https:\/\/www.crc-lennox.qc.ca\/fr\/residences-et-logements\/"]}]},{"@type":"ImageObject","inLanguage":"fr-FR","@id":"https:\/\/www.crc-lennox.qc.ca\/fr\/residences-et-logements\/#primaryimage","url":"https:\/\/www.crc-lennox.qc.ca\/wp-content\/uploads\/2025\/05\/ContEd-Website-Banners-3.png","contentUrl":"https:\/\/www.crc-lennox.qc.ca\/wp-content\/uploads\/2025\/05\/ContEd-Website-Banners-3.png","width":2000,"height":1000},{"@type":"BreadcrumbList","@id":"https:\/\/www.crc-lennox.qc.ca\/fr\/residences-et-logements\/#breadcrumb","itemListElement":[{"@type":"ListItem","position":1,"name":"Accueil","item":"https:\/\/www.crc-lennox.qc.ca\/fr\/"},{"@type":"ListItem","position":2,"name":"Services","item":"https:\/\/www.crc-lennox.qc.ca\/fr\/services\/"},{"@type":"ListItem","position":3,"name":"Services du coll\u00e8ge","item":"https:\/\/www.crc-lennox.qc.ca\/fr\/services-du-college\/"},{"@type":"ListItem","position":4,"name":"R\u00e9sidences et logements"}]},{"@type":"WebSite","@id":"https:\/\/www.crc-lennox.qc.ca\/fr\/#website","url":"https:\/\/www.crc-lennox.qc.ca\/fr\/","name":"Champlain Lennoxville","description":"","potentialAction":[{"@type":"SearchAction","target":{"@type":"EntryPoint","urlTemplate":"https:\/\/www.crc-lennox.qc.ca\/fr\/?s={search_term_string}"},"query-input":{"@type":"PropertyValueSpecification","valueRequired":true,"valueName":"search_term_string"}}],"inLanguage":"fr-FR"}]}},"_links":{"self":[{"href":"https:\/\/www.crc-lennox.qc.ca\/fr\/wp-json\/wp\/v2\/pages\/7544","targetHints":{"allow":["GET"]}}],"collection":[{"href":"https:\/\/www.crc-lennox.qc.ca\/fr\/wp-json\/wp\/v2\/pages"}],"about":[{"href":"https:\/\/www.crc-lennox.qc.ca\/fr\/wp-json\/wp\/v2\/types\/page"}],"author":[{"embeddable":true,"href":"https:\/\/www.crc-lennox.qc.ca\/fr\/wp-json\/wp\/v2\/users\/15"}],"replies":[{"embeddable":true,"href":"https:\/\/www.crc-lennox.qc.ca\/fr\/wp-json\/wp\/v2\/comments?post=7544"}],"version-history":[{"count":7,"href":"https:\/\/www.crc-lennox.qc.ca\/fr\/wp-json\/wp\/v2\/pages\/7544\/revisions"}],"predecessor-version":[{"id":15503,"href":"https:\/\/www.crc-lennox.qc.ca\/fr\/wp-json\/wp\/v2\/pages\/7544\/revisions\/15503"}],"wp:featuredmedia":[{"embeddable":true,"href":"https:\/\/www.crc-lennox.qc.ca\/fr\/wp-json\/wp\/v2\/media\/12596"}],"wp:attachment":[{"href":"https:\/\/www.crc-lennox.qc.ca\/fr\/wp-json\/wp\/v2\/media?parent=7544"}],"curies":[{"name":"wp","href":"https:\/\/api.w.org\/{rel}","templated":true}]}}