{"id":6018,"date":"2019-05-08T01:38:14","date_gmt":"2019-05-08T01:38:14","guid":{"rendered":"https:\/\/champlennoxdev.wpenginepowered.com\/sample-page\/"},"modified":"2026-04-15T11:12:44","modified_gmt":"2026-04-15T16:12:44","slug":"sample-page","status":"publish","type":"page","link":"https:\/\/www.crc-lennox.qc.ca\/fr\/","title":{"rendered":"Accueil"},"content":{"rendered":"<p>&nbsp;<\/p>\n<p>&nbsp;<\/p>\n<p>&nbsp;<\/p>\n","protected":false},"excerpt":{"rendered":"<p>&nbsp; &nbsp; &nbsp;<\/p>\n","protected":false},"author":3,"featured_media":11171,"parent":0,"menu_order":0,"comment_status":"closed","ping_status":"open","template":"","meta":{"_acf_changed":false,"footnotes":""},"class_list":["post-6018","page","type-page","status-publish","has-post-thumbnail","hentry"],"acf":[],"yoast_head":"<!-- This site is optimized with the Yoast SEO plugin v26.4 - https:\/\/yoast.com\/wordpress\/plugins\/seo\/ -->\n<title>Coll\u00e8ge \u00e0 Sherbrooke Qu\u00e9bec | Champlain Lennoxville<\/title>\n<meta name=\"description\" content=\"Champlain Lennoxville, un coll\u00e8ge anglophone public \u00e0 Sherbrooke, offre des programmes pr\u00e9universitaires et techniques, de jour ou en formation continue.\" \/>\n<meta name=\"robots\" content=\"index, follow, max-snippet:-1, max-image-preview:large, max-video-preview:-1\" \/>\n<link rel=\"canonical\" href=\"https:\/\/www.crc-lennox.qc.ca\/fr\/\" \/>\n<meta property=\"og:locale\" content=\"fr_FR\" \/>\n<meta property=\"og:type\" content=\"article\" \/>\n<meta property=\"og:title\" content=\"Coll\u00e8ge \u00e0 Sherbrooke Qu\u00e9bec | Champlain Lennoxville\" \/>\n<meta property=\"og:description\" content=\"Champlain Lennoxville, un coll\u00e8ge anglophone public \u00e0 Sherbrooke, offre des programmes pr\u00e9universitaires et techniques, de jour ou en formation continue.\" \/>\n<meta property=\"og:url\" content=\"https:\/\/www.crc-lennox.qc.ca\/fr\/\" \/>\n<meta property=\"og:site_name\" content=\"Champlain Lennoxville\" \/>\n<meta property=\"article:modified_time\" content=\"2026-04-15T16:12:44+00:00\" \/>\n<meta property=\"og:image\" content=\"https:\/\/www.crc-lennox.qc.ca\/wp-content\/uploads\/2024\/09\/Athletic-News-mobile.jpeg\" \/>\n\t<meta property=\"og:image:width\" content=\"2048\" \/>\n\t<meta property=\"og:image:height\" content=\"1364\" \/>\n\t<meta property=\"og:image:type\" content=\"image\/jpeg\" \/>\n<meta name=\"twitter:card\" content=\"summary_large_image\" \/>\n<meta name=\"twitter:title\" content=\"Coll\u00e8ge \u00e0 Sherbrooke Qu\u00e9bec | Champlain Lennoxville\" \/>\n<meta name=\"twitter:description\" content=\"Champlain Lennoxville, un coll\u00e8ge anglophone public \u00e0 Sherbrooke, offre des programmes pr\u00e9universitaires et techniques, de jour ou en formation continue.\" \/>\n<meta name=\"twitter:image\" content=\"https:\/\/www.crc-lennox.qc.ca\/wp-content\/uploads\/2024\/09\/Athletic-News-mobile.jpeg\" \/>\n<meta name=\"twitter:label1\" content=\"Dur\u00e9e de lecture estim\u00e9e\" \/>\n\t<meta name=\"twitter:data1\" content=\"1 minute\" \/>\n<script type=\"application\/ld+json\" class=\"yoast-schema-graph\">{\"@context\":\"https:\/\/schema.org\",\"@graph\":[{\"@type\":\"WebPage\",\"@id\":\"https:\/\/www.crc-lennox.qc.ca\/fr\/\",\"url\":\"https:\/\/www.crc-lennox.qc.ca\/fr\/\",\"name\":\"Coll\u00e8ge \u00e0 Sherbrooke Qu\u00e9bec | Champlain Lennoxville\",\"isPartOf\":{\"@id\":\"https:\/\/www.crc-lennox.qc.ca\/fr\/#website\"},\"primaryImageOfPage\":{\"@id\":\"https:\/\/www.crc-lennox.qc.ca\/fr\/#primaryimage\"},\"image\":{\"@id\":\"https:\/\/www.crc-lennox.qc.ca\/fr\/#primaryimage\"},\"thumbnailUrl\":\"https:\/\/www.crc-lennox.qc.ca\/wp-content\/uploads\/2024\/12\/champlain-lennox-share.jpg\",\"datePublished\":\"2019-05-08T01:38:14+00:00\",\"dateModified\":\"2026-04-15T16:12:44+00:00\",\"description\":\"Champlain Lennoxville, un coll\u00e8ge anglophone public \u00e0 Sherbrooke, offre des programmes pr\u00e9universitaires et techniques, de jour ou en formation continue.\",\"breadcrumb\":{\"@id\":\"https:\/\/www.crc-lennox.qc.ca\/fr\/#breadcrumb\"},\"inLanguage\":\"fr-FR\",\"potentialAction\":[{\"@type\":\"ReadAction\",\"target\":[\"https:\/\/www.crc-lennox.qc.ca\/fr\/\"]}]},{\"@type\":\"ImageObject\",\"inLanguage\":\"fr-FR\",\"@id\":\"https:\/\/www.crc-lennox.qc.ca\/fr\/#primaryimage\",\"url\":\"https:\/\/www.crc-lennox.qc.ca\/wp-content\/uploads\/2024\/12\/champlain-lennox-share.jpg\",\"contentUrl\":\"https:\/\/www.crc-lennox.qc.ca\/wp-content\/uploads\/2024\/12\/champlain-lennox-share.jpg\",\"width\":1200,\"height\":630},{\"@type\":\"BreadcrumbList\",\"@id\":\"https:\/\/www.crc-lennox.qc.ca\/fr\/#breadcrumb\",\"itemListElement\":[{\"@type\":\"ListItem\",\"position\":1,\"name\":\"Accueil\",\"item\":\"https:\/\/www.crc-lennox.qc.ca\/fr\/\"},{\"@type\":\"ListItem\",\"position\":2,\"name\":\"Accueil\"}]},{\"@type\":\"WebSite\",\"@id\":\"https:\/\/www.crc-lennox.qc.ca\/fr\/#website\",\"url\":\"https:\/\/www.crc-lennox.qc.ca\/fr\/\",\"name\":\"Champlain Lennoxville\",\"description\":\"\",\"potentialAction\":[{\"@type\":\"SearchAction\",\"target\":{\"@type\":\"EntryPoint\",\"urlTemplate\":\"https:\/\/www.crc-lennox.qc.ca\/fr\/?s={search_term_string}\"},\"query-input\":{\"@type\":\"PropertyValueSpecification\",\"valueRequired\":true,\"valueName\":\"search_term_string\"}}],\"inLanguage\":\"fr-FR\"}]}<\/script>\n<!-- \/ Yoast SEO plugin. -->","yoast_head_json":{"title":"Coll\u00e8ge \u00e0 Sherbrooke Qu\u00e9bec | Champlain Lennoxville","description":"Champlain Lennoxville, un coll\u00e8ge anglophone public \u00e0 Sherbrooke, offre des programmes pr\u00e9universitaires et techniques, de jour ou en formation continue.","robots":{"index":"index","follow":"follow","max-snippet":"max-snippet:-1","max-image-preview":"max-image-preview:large","max-video-preview":"max-video-preview:-1"},"canonical":"https:\/\/www.crc-lennox.qc.ca\/fr\/","og_locale":"fr_FR","og_type":"article","og_title":"Coll\u00e8ge \u00e0 Sherbrooke Qu\u00e9bec | Champlain Lennoxville","og_description":"Champlain Lennoxville, un coll\u00e8ge anglophone public \u00e0 Sherbrooke, offre des programmes pr\u00e9universitaires et techniques, de jour ou en formation continue.","og_url":"https:\/\/www.crc-lennox.qc.ca\/fr\/","og_site_name":"Champlain Lennoxville","article_modified_time":"2026-04-15T16:12:44+00:00","og_image":[{"width":2048,"height":1364,"url":"https:\/\/www.crc-lennox.qc.ca\/wp-content\/uploads\/2024\/09\/Athletic-News-mobile.jpeg","type":"image\/jpeg"}],"twitter_card":"summary_large_image","twitter_title":"Coll\u00e8ge \u00e0 Sherbrooke Qu\u00e9bec | Champlain Lennoxville","twitter_description":"Champlain Lennoxville, un coll\u00e8ge anglophone public \u00e0 Sherbrooke, offre des programmes pr\u00e9universitaires et techniques, de jour ou en formation continue.","twitter_image":"https:\/\/www.crc-lennox.qc.ca\/wp-content\/uploads\/2024\/09\/Athletic-News-mobile.jpeg","twitter_misc":{"Dur\u00e9e de lecture estim\u00e9e":"1 minute"},"schema":{"@context":"https:\/\/schema.org","@graph":[{"@type":"WebPage","@id":"https:\/\/www.crc-lennox.qc.ca\/fr\/","url":"https:\/\/www.crc-lennox.qc.ca\/fr\/","name":"Coll\u00e8ge \u00e0 Sherbrooke Qu\u00e9bec | Champlain Lennoxville","isPartOf":{"@id":"https:\/\/www.crc-lennox.qc.ca\/fr\/#website"},"primaryImageOfPage":{"@id":"https:\/\/www.crc-lennox.qc.ca\/fr\/#primaryimage"},"image":{"@id":"https:\/\/www.crc-lennox.qc.ca\/fr\/#primaryimage"},"thumbnailUrl":"https:\/\/www.crc-lennox.qc.ca\/wp-content\/uploads\/2024\/12\/champlain-lennox-share.jpg","datePublished":"2019-05-08T01:38:14+00:00","dateModified":"2026-04-15T16:12:44+00:00","description":"Champlain Lennoxville, un coll\u00e8ge anglophone public \u00e0 Sherbrooke, offre des programmes pr\u00e9universitaires et techniques, de jour ou en formation continue.","breadcrumb":{"@id":"https:\/\/www.crc-lennox.qc.ca\/fr\/#breadcrumb"},"inLanguage":"fr-FR","potentialAction":[{"@type":"ReadAction","target":["https:\/\/www.crc-lennox.qc.ca\/fr\/"]}]},{"@type":"ImageObject","inLanguage":"fr-FR","@id":"https:\/\/www.crc-lennox.qc.ca\/fr\/#primaryimage","url":"https:\/\/www.crc-lennox.qc.ca\/wp-content\/uploads\/2024\/12\/champlain-lennox-share.jpg","contentUrl":"https:\/\/www.crc-lennox.qc.ca\/wp-content\/uploads\/2024\/12\/champlain-lennox-share.jpg","width":1200,"height":630},{"@type":"BreadcrumbList","@id":"https:\/\/www.crc-lennox.qc.ca\/fr\/#breadcrumb","itemListElement":[{"@type":"ListItem","position":1,"name":"Accueil","item":"https:\/\/www.crc-lennox.qc.ca\/fr\/"},{"@type":"ListItem","position":2,"name":"Accueil"}]},{"@type":"WebSite","@id":"https:\/\/www.crc-lennox.qc.ca\/fr\/#website","url":"https:\/\/www.crc-lennox.qc.ca\/fr\/","name":"Champlain Lennoxville","description":"","potentialAction":[{"@type":"SearchAction","target":{"@type":"EntryPoint","urlTemplate":"https:\/\/www.crc-lennox.qc.ca\/fr\/?s={search_term_string}"},"query-input":{"@type":"PropertyValueSpecification","valueRequired":true,"valueName":"search_term_string"}}],"inLanguage":"fr-FR"}]}},"_links":{"self":[{"href":"https:\/\/www.crc-lennox.qc.ca\/fr\/wp-json\/wp\/v2\/pages\/6018","targetHints":{"allow":["GET"]}}],"collection":[{"href":"https:\/\/www.crc-lennox.qc.ca\/fr\/wp-json\/wp\/v2\/pages"}],"about":[{"href":"https:\/\/www.crc-lennox.qc.ca\/fr\/wp-json\/wp\/v2\/types\/page"}],"author":[{"embeddable":true,"href":"https:\/\/www.crc-lennox.qc.ca\/fr\/wp-json\/wp\/v2\/users\/3"}],"replies":[{"embeddable":true,"href":"https:\/\/www.crc-lennox.qc.ca\/fr\/wp-json\/wp\/v2\/comments?post=6018"}],"version-history":[{"count":37,"href":"https:\/\/www.crc-lennox.qc.ca\/fr\/wp-json\/wp\/v2\/pages\/6018\/revisions"}],"predecessor-version":[{"id":16021,"href":"https:\/\/www.crc-lennox.qc.ca\/fr\/wp-json\/wp\/v2\/pages\/6018\/revisions\/16021"}],"wp:featuredmedia":[{"embeddable":true,"href":"https:\/\/www.crc-lennox.qc.ca\/fr\/wp-json\/wp\/v2\/media\/11171"}],"wp:attachment":[{"href":"https:\/\/www.crc-lennox.qc.ca\/fr\/wp-json\/wp\/v2\/media?parent=6018"}],"curies":[{"name":"wp","href":"https:\/\/api.w.org\/{rel}","templated":true}]}}