{"id":10313,"date":"2024-11-28T19:26:42","date_gmt":"2024-11-28T19:26:42","guid":{"rendered":"https:\/\/champlennoxdev.wpenginepowered.com\/admission\/"},"modified":"2025-11-18T08:30:34","modified_gmt":"2025-11-18T13:30:34","slug":"admission","status":"publish","type":"page","link":"https:\/\/www.crc-lennox.qc.ca\/fr\/admission\/","title":{"rendered":"Admission"},"content":{"rendered":"","protected":false},"excerpt":{"rendered":"","protected":false},"author":19,"featured_media":0,"parent":0,"menu_order":0,"comment_status":"closed","ping_status":"closed","template":"","meta":{"_acf_changed":false,"footnotes":""},"class_list":["post-10313","page","type-page","status-publish","hentry"],"acf":[],"yoast_head":"<!-- This site is optimized with the Yoast SEO plugin v26.4 - https:\/\/yoast.com\/wordpress\/plugins\/seo\/ -->\n<title>Informations sur l\u2019admission | Champlain Lennoxville<\/title>\n<meta name=\"description\" content=\"Informez-vous sur l\u2019admission \u00e0 Champlain Lennoxville : exigences, frais, conformit\u00e9 \u00e0 la Loi 14 et soutien offert par le Bureau du greffier.\" \/>\n<meta name=\"robots\" content=\"index, follow, max-snippet:-1, max-image-preview:large, max-video-preview:-1\" \/>\n<link rel=\"canonical\" href=\"https:\/\/www.crc-lennox.qc.ca\/fr\/admission\/\" \/>\n<meta property=\"og:locale\" content=\"fr_FR\" \/>\n<meta property=\"og:type\" content=\"article\" \/>\n<meta property=\"og:title\" content=\"Informations sur l\u2019admission | Champlain Lennoxville\" \/>\n<meta property=\"og:description\" content=\"Informez-vous sur l\u2019admission \u00e0 Champlain Lennoxville : exigences, frais, conformit\u00e9 \u00e0 la Loi 14 et soutien offert par le Bureau du greffier.\" \/>\n<meta property=\"og:url\" content=\"https:\/\/www.crc-lennox.qc.ca\/fr\/admission\/\" \/>\n<meta property=\"og:site_name\" content=\"Champlain Lennoxville\" \/>\n<meta property=\"article:modified_time\" content=\"2025-11-18T13:30:34+00:00\" \/>\n<meta property=\"og:image\" content=\"https:\/\/www.crc-lennox.qc.ca\/wp-content\/uploads\/2024\/08\/img-3-images-2-2.jpg\" \/>\n\t<meta property=\"og:image:width\" content=\"1200\" \/>\n\t<meta property=\"og:image:height\" content=\"1263\" \/>\n\t<meta property=\"og:image:type\" content=\"image\/jpeg\" \/>\n<meta name=\"twitter:card\" content=\"summary_large_image\" \/>\n<meta name=\"twitter:title\" content=\"Informations sur l\u2019admission | Champlain Lennoxville\" \/>\n<meta name=\"twitter:description\" content=\"Informez-vous sur l\u2019admission \u00e0 Champlain Lennoxville : exigences, frais, conformit\u00e9 \u00e0 la Loi 14 et soutien offert par le Bureau du greffier.\" \/>\n<meta name=\"twitter:image\" content=\"https:\/\/www.crc-lennox.qc.ca\/wp-content\/uploads\/2024\/08\/img-3-images-2-3.jpg\" \/>\n<script type=\"application\/ld+json\" class=\"yoast-schema-graph\">{\"@context\":\"https:\/\/schema.org\",\"@graph\":[{\"@type\":\"WebPage\",\"@id\":\"https:\/\/www.crc-lennox.qc.ca\/fr\/admission\/\",\"url\":\"https:\/\/www.crc-lennox.qc.ca\/fr\/admission\/\",\"name\":\"Informations sur l\u2019admission | Champlain Lennoxville\",\"isPartOf\":{\"@id\":\"https:\/\/www.crc-lennox.qc.ca\/fr\/#website\"},\"datePublished\":\"2024-11-28T19:26:42+00:00\",\"dateModified\":\"2025-11-18T13:30:34+00:00\",\"description\":\"Informez-vous sur l\u2019admission \u00e0 Champlain Lennoxville : exigences, frais, conformit\u00e9 \u00e0 la Loi 14 et soutien offert par le Bureau du greffier.\",\"breadcrumb\":{\"@id\":\"https:\/\/www.crc-lennox.qc.ca\/fr\/admission\/#breadcrumb\"},\"inLanguage\":\"fr-FR\",\"potentialAction\":[{\"@type\":\"ReadAction\",\"target\":[\"https:\/\/www.crc-lennox.qc.ca\/fr\/admission\/\"]}]},{\"@type\":\"BreadcrumbList\",\"@id\":\"https:\/\/www.crc-lennox.qc.ca\/fr\/admission\/#breadcrumb\",\"itemListElement\":[{\"@type\":\"ListItem\",\"position\":1,\"name\":\"Accueil\",\"item\":\"https:\/\/www.crc-lennox.qc.ca\/fr\/\"},{\"@type\":\"ListItem\",\"position\":2,\"name\":\"Admission\"}]},{\"@type\":\"WebSite\",\"@id\":\"https:\/\/www.crc-lennox.qc.ca\/fr\/#website\",\"url\":\"https:\/\/www.crc-lennox.qc.ca\/fr\/\",\"name\":\"Champlain Lennoxville\",\"description\":\"\",\"potentialAction\":[{\"@type\":\"SearchAction\",\"target\":{\"@type\":\"EntryPoint\",\"urlTemplate\":\"https:\/\/www.crc-lennox.qc.ca\/fr\/?s={search_term_string}\"},\"query-input\":{\"@type\":\"PropertyValueSpecification\",\"valueRequired\":true,\"valueName\":\"search_term_string\"}}],\"inLanguage\":\"fr-FR\"}]}<\/script>\n<!-- \/ Yoast SEO plugin. -->","yoast_head_json":{"title":"Informations sur l\u2019admission | Champlain Lennoxville","description":"Informez-vous sur l\u2019admission \u00e0 Champlain Lennoxville : exigences, frais, conformit\u00e9 \u00e0 la Loi 14 et soutien offert par le Bureau du greffier.","robots":{"index":"index","follow":"follow","max-snippet":"max-snippet:-1","max-image-preview":"max-image-preview:large","max-video-preview":"max-video-preview:-1"},"canonical":"https:\/\/www.crc-lennox.qc.ca\/fr\/admission\/","og_locale":"fr_FR","og_type":"article","og_title":"Informations sur l\u2019admission | Champlain Lennoxville","og_description":"Informez-vous sur l\u2019admission \u00e0 Champlain Lennoxville : exigences, frais, conformit\u00e9 \u00e0 la Loi 14 et soutien offert par le Bureau du greffier.","og_url":"https:\/\/www.crc-lennox.qc.ca\/fr\/admission\/","og_site_name":"Champlain Lennoxville","article_modified_time":"2025-11-18T13:30:34+00:00","og_image":[{"width":1200,"height":1263,"url":"https:\/\/www.crc-lennox.qc.ca\/wp-content\/uploads\/2024\/08\/img-3-images-2-2.jpg","type":"image\/jpeg"}],"twitter_card":"summary_large_image","twitter_title":"Informations sur l\u2019admission | Champlain Lennoxville","twitter_description":"Informez-vous sur l\u2019admission \u00e0 Champlain Lennoxville : exigences, frais, conformit\u00e9 \u00e0 la Loi 14 et soutien offert par le Bureau du greffier.","twitter_image":"https:\/\/www.crc-lennox.qc.ca\/wp-content\/uploads\/2024\/08\/img-3-images-2-3.jpg","schema":{"@context":"https:\/\/schema.org","@graph":[{"@type":"WebPage","@id":"https:\/\/www.crc-lennox.qc.ca\/fr\/admission\/","url":"https:\/\/www.crc-lennox.qc.ca\/fr\/admission\/","name":"Informations sur l\u2019admission | Champlain Lennoxville","isPartOf":{"@id":"https:\/\/www.crc-lennox.qc.ca\/fr\/#website"},"datePublished":"2024-11-28T19:26:42+00:00","dateModified":"2025-11-18T13:30:34+00:00","description":"Informez-vous sur l\u2019admission \u00e0 Champlain Lennoxville : exigences, frais, conformit\u00e9 \u00e0 la Loi 14 et soutien offert par le Bureau du greffier.","breadcrumb":{"@id":"https:\/\/www.crc-lennox.qc.ca\/fr\/admission\/#breadcrumb"},"inLanguage":"fr-FR","potentialAction":[{"@type":"ReadAction","target":["https:\/\/www.crc-lennox.qc.ca\/fr\/admission\/"]}]},{"@type":"BreadcrumbList","@id":"https:\/\/www.crc-lennox.qc.ca\/fr\/admission\/#breadcrumb","itemListElement":[{"@type":"ListItem","position":1,"name":"Accueil","item":"https:\/\/www.crc-lennox.qc.ca\/fr\/"},{"@type":"ListItem","position":2,"name":"Admission"}]},{"@type":"WebSite","@id":"https:\/\/www.crc-lennox.qc.ca\/fr\/#website","url":"https:\/\/www.crc-lennox.qc.ca\/fr\/","name":"Champlain Lennoxville","description":"","potentialAction":[{"@type":"SearchAction","target":{"@type":"EntryPoint","urlTemplate":"https:\/\/www.crc-lennox.qc.ca\/fr\/?s={search_term_string}"},"query-input":{"@type":"PropertyValueSpecification","valueRequired":true,"valueName":"search_term_string"}}],"inLanguage":"fr-FR"}]}},"_links":{"self":[{"href":"https:\/\/www.crc-lennox.qc.ca\/fr\/wp-json\/wp\/v2\/pages\/10313","targetHints":{"allow":["GET"]}}],"collection":[{"href":"https:\/\/www.crc-lennox.qc.ca\/fr\/wp-json\/wp\/v2\/pages"}],"about":[{"href":"https:\/\/www.crc-lennox.qc.ca\/fr\/wp-json\/wp\/v2\/types\/page"}],"author":[{"embeddable":true,"href":"https:\/\/www.crc-lennox.qc.ca\/fr\/wp-json\/wp\/v2\/users\/19"}],"replies":[{"embeddable":true,"href":"https:\/\/www.crc-lennox.qc.ca\/fr\/wp-json\/wp\/v2\/comments?post=10313"}],"version-history":[{"count":1,"href":"https:\/\/www.crc-lennox.qc.ca\/fr\/wp-json\/wp\/v2\/pages\/10313\/revisions"}],"predecessor-version":[{"id":15252,"href":"https:\/\/www.crc-lennox.qc.ca\/fr\/wp-json\/wp\/v2\/pages\/10313\/revisions\/15252"}],"wp:attachment":[{"href":"https:\/\/www.crc-lennox.qc.ca\/fr\/wp-json\/wp\/v2\/media?parent=10313"}],"curies":[{"name":"wp","href":"https:\/\/api.w.org\/{rel}","templated":true}]}}