{"id":10306,"date":"2024-11-28T18:34:59","date_gmt":"2024-11-28T18:34:59","guid":{"rendered":"https:\/\/champlennoxdev.wpenginepowered.com\/academic-services\/"},"modified":"2024-12-17T19:00:24","modified_gmt":"2024-12-17T19:00:24","slug":"services-academiques","status":"publish","type":"page","link":"https:\/\/www.crc-lennox.qc.ca\/fr\/services-academiques\/","title":{"rendered":"Services acad\u00e9miques"},"content":{"rendered":"","protected":false},"excerpt":{"rendered":"","protected":false},"author":2,"featured_media":0,"parent":0,"menu_order":0,"comment_status":"closed","ping_status":"closed","template":"","meta":{"_acf_changed":false,"footnotes":""},"class_list":["post-10306","page","type-page","status-publish","hentry"],"acf":[],"yoast_head":"<!-- This site is optimized with the Yoast SEO plugin v26.4 - https:\/\/yoast.com\/wordpress\/plugins\/seo\/ -->\n<title>Services acad\u00e9miques | Champlain Lennoxville<\/title>\n<meta name=\"description\" content=\"Champlain Lennoxville propose des services de soutien acad\u00e9mique : tutorat, ateliers, orientation et ressources pour assurer votre r\u00e9ussite.\" \/>\n<meta name=\"robots\" content=\"index, follow, max-snippet:-1, max-image-preview:large, max-video-preview:-1\" \/>\n<link rel=\"canonical\" href=\"https:\/\/www.crc-lennox.qc.ca\/fr\/services-academiques\/\" \/>\n<meta property=\"og:locale\" content=\"fr_FR\" \/>\n<meta property=\"og:type\" content=\"article\" \/>\n<meta property=\"og:title\" content=\"Services acad\u00e9miques | Champlain Lennoxville\" \/>\n<meta property=\"og:description\" content=\"Champlain Lennoxville propose des services de soutien acad\u00e9mique : tutorat, ateliers, orientation et ressources pour assurer votre r\u00e9ussite.\" \/>\n<meta property=\"og:url\" content=\"https:\/\/www.crc-lennox.qc.ca\/fr\/services-academiques\/\" \/>\n<meta property=\"og:site_name\" content=\"Champlain Lennoxville\" \/>\n<meta property=\"article:modified_time\" content=\"2024-12-17T19:00:24+00:00\" \/>\n<meta property=\"og:image\" content=\"https:\/\/www.crc-lennox.qc.ca\/wp-content\/uploads\/2024\/10\/Close-up-of-a-student-s-hand-writing-with-a-pen-on-paper-during-a-school-examination-in-a-hall.jpg\" \/>\n\t<meta property=\"og:image:width\" content=\"1200\" \/>\n\t<meta property=\"og:image:height\" content=\"800\" \/>\n\t<meta property=\"og:image:type\" content=\"image\/jpeg\" \/>\n<meta name=\"twitter:card\" content=\"summary_large_image\" \/>\n<meta name=\"twitter:title\" content=\"Services acad\u00e9miques | Champlain Lennoxville\" \/>\n<meta name=\"twitter:description\" content=\"Champlain Lennoxville propose des services de soutien acad\u00e9mique : tutorat, ateliers, orientation et ressources pour assurer votre r\u00e9ussite.\" \/>\n<meta name=\"twitter:image\" content=\"https:\/\/www.crc-lennox.qc.ca\/wp-content\/uploads\/2024\/10\/Close-up-of-a-student-s-hand-writing-with-a-pen-on-paper-during-a-school-examination-in-a-hall.jpg\" \/>\n<script type=\"application\/ld+json\" class=\"yoast-schema-graph\">{\"@context\":\"https:\/\/schema.org\",\"@graph\":[{\"@type\":\"WebPage\",\"@id\":\"https:\/\/www.crc-lennox.qc.ca\/fr\/services-academiques\/\",\"url\":\"https:\/\/www.crc-lennox.qc.ca\/fr\/services-academiques\/\",\"name\":\"Services acad\u00e9miques | Champlain Lennoxville\",\"isPartOf\":{\"@id\":\"https:\/\/www.crc-lennox.qc.ca\/fr\/#website\"},\"datePublished\":\"2024-11-28T18:34:59+00:00\",\"dateModified\":\"2024-12-17T19:00:24+00:00\",\"description\":\"Champlain Lennoxville propose des services de soutien acad\u00e9mique : tutorat, ateliers, orientation et ressources pour assurer votre r\u00e9ussite.\",\"breadcrumb\":{\"@id\":\"https:\/\/www.crc-lennox.qc.ca\/fr\/services-academiques\/#breadcrumb\"},\"inLanguage\":\"fr-FR\",\"potentialAction\":[{\"@type\":\"ReadAction\",\"target\":[\"https:\/\/www.crc-lennox.qc.ca\/fr\/services-academiques\/\"]}]},{\"@type\":\"BreadcrumbList\",\"@id\":\"https:\/\/www.crc-lennox.qc.ca\/fr\/services-academiques\/#breadcrumb\",\"itemListElement\":[{\"@type\":\"ListItem\",\"position\":1,\"name\":\"Accueil\",\"item\":\"https:\/\/www.crc-lennox.qc.ca\/fr\/\"},{\"@type\":\"ListItem\",\"position\":2,\"name\":\"Services\",\"item\":\"https:\/\/www.crc-lennox.qc.ca\/fr\/services\/\"},{\"@type\":\"ListItem\",\"position\":3,\"name\":\"Services acad\u00e9miques\"}]},{\"@type\":\"WebSite\",\"@id\":\"https:\/\/www.crc-lennox.qc.ca\/fr\/#website\",\"url\":\"https:\/\/www.crc-lennox.qc.ca\/fr\/\",\"name\":\"Champlain Lennoxville\",\"description\":\"\",\"potentialAction\":[{\"@type\":\"SearchAction\",\"target\":{\"@type\":\"EntryPoint\",\"urlTemplate\":\"https:\/\/www.crc-lennox.qc.ca\/fr\/?s={search_term_string}\"},\"query-input\":{\"@type\":\"PropertyValueSpecification\",\"valueRequired\":true,\"valueName\":\"search_term_string\"}}],\"inLanguage\":\"fr-FR\"}]}<\/script>\n<!-- \/ Yoast SEO plugin. -->","yoast_head_json":{"title":"Services acad\u00e9miques | Champlain Lennoxville","description":"Champlain Lennoxville propose des services de soutien acad\u00e9mique : tutorat, ateliers, orientation et ressources pour assurer votre r\u00e9ussite.","robots":{"index":"index","follow":"follow","max-snippet":"max-snippet:-1","max-image-preview":"max-image-preview:large","max-video-preview":"max-video-preview:-1"},"canonical":"https:\/\/www.crc-lennox.qc.ca\/fr\/services-academiques\/","og_locale":"fr_FR","og_type":"article","og_title":"Services acad\u00e9miques | Champlain Lennoxville","og_description":"Champlain Lennoxville propose des services de soutien acad\u00e9mique : tutorat, ateliers, orientation et ressources pour assurer votre r\u00e9ussite.","og_url":"https:\/\/www.crc-lennox.qc.ca\/fr\/services-academiques\/","og_site_name":"Champlain Lennoxville","article_modified_time":"2024-12-17T19:00:24+00:00","og_image":[{"width":1200,"height":800,"url":"https:\/\/www.crc-lennox.qc.ca\/wp-content\/uploads\/2024\/10\/Close-up-of-a-student-s-hand-writing-with-a-pen-on-paper-during-a-school-examination-in-a-hall.jpg","type":"image\/jpeg"}],"twitter_card":"summary_large_image","twitter_title":"Services acad\u00e9miques | Champlain Lennoxville","twitter_description":"Champlain Lennoxville propose des services de soutien acad\u00e9mique : tutorat, ateliers, orientation et ressources pour assurer votre r\u00e9ussite.","twitter_image":"https:\/\/www.crc-lennox.qc.ca\/wp-content\/uploads\/2024\/10\/Close-up-of-a-student-s-hand-writing-with-a-pen-on-paper-during-a-school-examination-in-a-hall.jpg","schema":{"@context":"https:\/\/schema.org","@graph":[{"@type":"WebPage","@id":"https:\/\/www.crc-lennox.qc.ca\/fr\/services-academiques\/","url":"https:\/\/www.crc-lennox.qc.ca\/fr\/services-academiques\/","name":"Services acad\u00e9miques | Champlain Lennoxville","isPartOf":{"@id":"https:\/\/www.crc-lennox.qc.ca\/fr\/#website"},"datePublished":"2024-11-28T18:34:59+00:00","dateModified":"2024-12-17T19:00:24+00:00","description":"Champlain Lennoxville propose des services de soutien acad\u00e9mique : tutorat, ateliers, orientation et ressources pour assurer votre r\u00e9ussite.","breadcrumb":{"@id":"https:\/\/www.crc-lennox.qc.ca\/fr\/services-academiques\/#breadcrumb"},"inLanguage":"fr-FR","potentialAction":[{"@type":"ReadAction","target":["https:\/\/www.crc-lennox.qc.ca\/fr\/services-academiques\/"]}]},{"@type":"BreadcrumbList","@id":"https:\/\/www.crc-lennox.qc.ca\/fr\/services-academiques\/#breadcrumb","itemListElement":[{"@type":"ListItem","position":1,"name":"Accueil","item":"https:\/\/www.crc-lennox.qc.ca\/fr\/"},{"@type":"ListItem","position":2,"name":"Services","item":"https:\/\/www.crc-lennox.qc.ca\/fr\/services\/"},{"@type":"ListItem","position":3,"name":"Services acad\u00e9miques"}]},{"@type":"WebSite","@id":"https:\/\/www.crc-lennox.qc.ca\/fr\/#website","url":"https:\/\/www.crc-lennox.qc.ca\/fr\/","name":"Champlain Lennoxville","description":"","potentialAction":[{"@type":"SearchAction","target":{"@type":"EntryPoint","urlTemplate":"https:\/\/www.crc-lennox.qc.ca\/fr\/?s={search_term_string}"},"query-input":{"@type":"PropertyValueSpecification","valueRequired":true,"valueName":"search_term_string"}}],"inLanguage":"fr-FR"}]}},"_links":{"self":[{"href":"https:\/\/www.crc-lennox.qc.ca\/fr\/wp-json\/wp\/v2\/pages\/10306","targetHints":{"allow":["GET"]}}],"collection":[{"href":"https:\/\/www.crc-lennox.qc.ca\/fr\/wp-json\/wp\/v2\/pages"}],"about":[{"href":"https:\/\/www.crc-lennox.qc.ca\/fr\/wp-json\/wp\/v2\/types\/page"}],"author":[{"embeddable":true,"href":"https:\/\/www.crc-lennox.qc.ca\/fr\/wp-json\/wp\/v2\/users\/2"}],"replies":[{"embeddable":true,"href":"https:\/\/www.crc-lennox.qc.ca\/fr\/wp-json\/wp\/v2\/comments?post=10306"}],"version-history":[{"count":0,"href":"https:\/\/www.crc-lennox.qc.ca\/fr\/wp-json\/wp\/v2\/pages\/10306\/revisions"}],"wp:attachment":[{"href":"https:\/\/www.crc-lennox.qc.ca\/fr\/wp-json\/wp\/v2\/media?parent=10306"}],"curies":[{"name":"wp","href":"https:\/\/api.w.org\/{rel}","templated":true}]}}